{"id":130846,"date":"2024-06-04T16:33:18","date_gmt":"2024-06-04T16:33:18","guid":{"rendered":"https:\/\/showcase.initvideo.de\/?page_id=130846"},"modified":"2026-01-02T17:08:08","modified_gmt":"2026-01-02T17:08:08","slug":"team","status":"publish","type":"page","link":"https:\/\/showcase.initvideo.de\/index.php\/team\/","title":{"rendered":"Team"},"content":{"rendered":"<div class=\"wpb-content-wrapper\"><p>[vc_row row_height_percent=&#8220;46&#8243; back_color=&#8220;color-xsdn&#8220; back_image=&#8220;131301&#8243; overlay_color=&#8220;color-xsdn&#8220; overlay_alpha=&#8220;20&#8243; gutter_size=&#8220;3&#8243; column_width_percent=&#8220;100&#8243; shift_y=&#8220;0&#8243; z_index=&#8220;0&#8243; uncode_shortcode_id=&#8220;974236&#8243; back_color_type=&#8220;uncode-palette&#8220; overlay_color_type=&#8220;uncode-palette&#8220;][vc_column width=&#8220;1\/1&#8243;][\/vc_column][\/vc_row][vc_row row_height_percent=&#8220;0&#8243; override_padding=&#8220;yes&#8220; h_padding=&#8220;2&#8243; top_padding=&#8220;0&#8243; bottom_padding=&#8220;5&#8243; overlay_alpha=&#8220;50&#8243; gutter_size=&#8220;4&#8243; column_width_percent=&#8220;100&#8243; shift_y=&#8220;0&#8243; z_index=&#8220;0&#8243;][vc_column column_width_percent=&#8220;100&#8243; gutter_size=&#8220;3&#8243; overlay_alpha=&#8220;50&#8243; shift_x=&#8220;0&#8243; shift_y=&#8220;0&#8243; shift_y_down=&#8220;0&#8243; z_index=&#8220;0&#8243; medium_width=&#8220;3&#8243; mobile_width=&#8220;0&#8243; width=&#8220;1\/3&#8243; uncode_shortcode_id=&#8220;201957&#8243;][vc_single_image media=&#8220;131562&#8243; media_width_percent=&#8220;100&#8243; media_ratio=&#8220;three-four&#8220; alignment=&#8220;center&#8220; uncode_shortcode_id=&#8220;103354&#8243;][vc_custom_heading text_size=&#8220;h4&#8243; sub_lead=&#8220;yes&#8220; sub_reduced=&#8220;yes&#8220; css_animation=&#8220;zoom-in&#8220; animation_speed=&#8220;100&#8243; subheading=&#8220;Die Projektleitung steuert den gesamten Produktionsprozess und h\u00e4lt alle F\u00e4den zusammen. Sie sorgt daf\u00fcr, dass Ideen Realit\u00e4t werden \u2013 p\u00fcnktlich, budgetgerecht und in h\u00f6chster Qualit\u00e4t.&#8220; uncode_shortcode_id=&#8220;202170&#8243;]Projektleitung[\/vc_custom_heading][\/vc_column][vc_column column_width_percent=&#8220;100&#8243; gutter_size=&#8220;3&#8243; overlay_alpha=&#8220;50&#8243; shift_x=&#8220;0&#8243; shift_y=&#8220;0&#8243; shift_y_down=&#8220;0&#8243; z_index=&#8220;0&#8243; medium_width=&#8220;3&#8243; mobile_width=&#8220;0&#8243; width=&#8220;1\/3&#8243; uncode_shortcode_id=&#8220;168750&#8243;][vc_single_image media=&#8220;131598&#8243; media_width_percent=&#8220;100&#8243; media_ratio=&#8220;three-four&#8220; alignment=&#8220;center&#8220; uncode_shortcode_id=&#8220;101080&#8243;][vc_custom_heading text_size=&#8220;h4&#8243; sub_lead=&#8220;yes&#8220; sub_reduced=&#8220;yes&#8220; subheading=&#8220;Unsere Redaktion entwickelt kreative Konzepte und schreibt pr\u00e4zise Drehb\u00fccher, die Ihre Botschaft auf den Punkt bringen. So entstehen Geschichten, die fesseln und klar kommunizieren.&#8220; uncode_shortcode_id=&#8220;917505&#8243;]Redaktion[\/vc_custom_heading][\/vc_column][vc_column column_width_percent=&#8220;100&#8243; gutter_size=&#8220;3&#8243; overlay_alpha=&#8220;50&#8243; shift_x=&#8220;0&#8243; shift_y=&#8220;0&#8243; shift_y_down=&#8220;0&#8243; z_index=&#8220;0&#8243; medium_width=&#8220;3&#8243; mobile_width=&#8220;0&#8243; width=&#8220;1\/3&#8243; uncode_shortcode_id=&#8220;134163&#8243;][vc_single_image media=&#8220;131555&#8243; media_width_percent=&#8220;100&#8243; media_ratio=&#8220;three-four&#8220; alignment=&#8220;center&#8220; uncode_shortcode_id=&#8220;513173&#8243;][vc_custom_heading text_size=&#8220;h4&#8243; sub_lead=&#8220;yes&#8220; sub_reduced=&#8220;yes&#8220; subheading=&#8220;Von Kamera bis Licht \u2013 die Produktion setzt Ideen perfekt in Szene. Wir schaffen eindrucksvolle Bilder und sorgen f\u00fcr einen reibungslosen Ablauf am Set.&#8220; uncode_shortcode_id=&#8220;201472&#8243;]Produktion[\/vc_custom_heading][\/vc_column][\/vc_row][vc_row row_height_percent=&#8220;0&#8243; override_padding=&#8220;yes&#8220; h_padding=&#8220;2&#8243; top_padding=&#8220;0&#8243; bottom_padding=&#8220;5&#8243; overlay_alpha=&#8220;50&#8243; gutter_size=&#8220;4&#8243; column_width_percent=&#8220;100&#8243; shift_y=&#8220;0&#8243; z_index=&#8220;0&#8243;][vc_column column_width_percent=&#8220;100&#8243; gutter_size=&#8220;3&#8243; overlay_alpha=&#8220;50&#8243; shift_x=&#8220;0&#8243; shift_y=&#8220;0&#8243; shift_y_down=&#8220;0&#8243; z_index=&#8220;0&#8243; medium_width=&#8220;3&#8243; mobile_width=&#8220;0&#8243; width=&#8220;1\/3&#8243; uncode_shortcode_id=&#8220;201957&#8243;][vc_single_image media=&#8220;131556&#8243; media_width_percent=&#8220;100&#8243; media_ratio=&#8220;three-four&#8220; alignment=&#8220;center&#8220; uncode_shortcode_id=&#8220;174815&#8243;][vc_custom_heading text_size=&#8220;h4&#8243; sub_lead=&#8220;yes&#8220; sub_reduced=&#8220;yes&#8220; subheading=&#8220;Animationen machen komplexe Inhalte lebendig und verst\u00e4ndlich. Mit kreativen Motion-Designs verleihen wir Ihren Videos eine dynamische und moderne Note.&#8220; uncode_shortcode_id=&#8220;170547&#8243;]Animationen[\/vc_custom_heading][\/vc_column][vc_column column_width_percent=&#8220;100&#8243; gutter_size=&#8220;3&#8243; overlay_alpha=&#8220;50&#8243; shift_x=&#8220;0&#8243; shift_y=&#8220;0&#8243; shift_y_down=&#8220;0&#8243; z_index=&#8220;0&#8243; medium_width=&#8220;3&#8243; mobile_width=&#8220;0&#8243; width=&#8220;1\/3&#8243; uncode_shortcode_id=&#8220;168750&#8243;][vc_single_image media=&#8220;131672&#8243; media_width_percent=&#8220;100&#8243; media_ratio=&#8220;three-four&#8220; alignment=&#8220;center&#8220; uncode_shortcode_id=&#8220;229797&#8243;][vc_custom_heading text_size=&#8220;h4&#8243; sub_lead=&#8220;yes&#8220; sub_reduced=&#8220;yes&#8220; subheading=&#8220;In der Postproduktion entsteht der finale Look Ihres Videos. Wir schneiden, optimieren und setzen Effekte ein, um ein professionelles Ergebnis zu liefern.&#8220; uncode_shortcode_id=&#8220;496069&#8243;]Postproduktion[\/vc_custom_heading][\/vc_column][vc_column column_width_percent=&#8220;100&#8243; gutter_size=&#8220;3&#8243; overlay_alpha=&#8220;50&#8243; shift_x=&#8220;0&#8243; shift_y=&#8220;0&#8243; shift_y_down=&#8220;0&#8243; z_index=&#8220;0&#8243; medium_width=&#8220;3&#8243; mobile_width=&#8220;0&#8243; width=&#8220;1\/3&#8243; uncode_shortcode_id=&#8220;134163&#8243;][vc_single_image media=&#8220;131600&#8243; media_width_percent=&#8220;100&#8243; media_ratio=&#8220;three-four&#8220; alignment=&#8220;center&#8220; uncode_shortcode_id=&#8220;754840&#8243;][vc_custom_heading text_size=&#8220;h4&#8243; sub_lead=&#8220;yes&#8220; sub_reduced=&#8220;yes&#8220; subheading=&#8220;Unser Livestreaming bringt Ihr Event live zum Publikum. Wir bieten stabile Technik und reibungslose \u00dcbertragungen \u2013 f\u00fcr ein Erlebnis in Echtzeit.&#8220; uncode_shortcode_id=&#8220;170327&#8243;]Podcast und Livestream[\/vc_custom_heading][\/vc_column][\/vc_row][vc_row unlock_row_content=&#8220;yes&#8220; row_height_percent=&#8220;60&#8243; override_padding=&#8220;yes&#8220; h_padding=&#8220;2&#8243; top_padding=&#8220;5&#8243; bottom_padding=&#8220;5&#8243; back_color=&#8220;color-wayh&#8220; overlay_color=&#8220;color-wayh&#8220; overlay_alpha=&#8220;80&#8243; gutter_size=&#8220;3&#8243; column_width_percent=&#8220;100&#8243; shift_y=&#8220;0&#8243; z_index=&#8220;0&#8243; enable_bottom_divider=&#8220;default&#8220; shape_bottom_invert=&#8220;yes&#8220; shape_bottom_h_use_pixel=&#8220;&#8220; shape_bottom_height=&#8220;140&#8243; shape_bottom_color=&#8220;color-gyho&#8220; shape_bottom_opacity=&#8220;100&#8243; shape_bottom_index=&#8220;0&#8243; uncode_shortcode_id=&#8220;156311&#8243; back_color_type=&#8220;uncode-palette&#8220; overlay_color_type=&#8220;uncode-palette&#8220; shape_bottom_color_type=&#8220;uncode-palette&#8220;][vc_column column_width_use_pixel=&#8220;yes&#8220; position_vertical=&#8220;middle&#8220; align_horizontal=&#8220;align_center&#8220; gutter_size=&#8220;3&#8243; style=&#8220;dark&#8220; overlay_alpha=&#8220;50&#8243; shift_x=&#8220;0&#8243; shift_y=&#8220;0&#8243; shift_y_down=&#8220;0&#8243; z_index=&#8220;0&#8243; medium_width=&#8220;0&#8243; mobile_width=&#8220;0&#8243; sticky=&#8220;yes&#8220; width=&#8220;1\/1&#8243; column_width_pixel=&#8220;900&#8243;][vc_column_text uncode_shortcode_id=&#8220;173312&#8243;]<\/p>\n<h2>F\u00fchrungsteam und Unitleitung<\/h2>\n<p>[\/vc_column_text][vc_single_image media=&#8220;131676&#8243; media_width_percent=&#8220;30&#8243; alignment=&#8220;center&#8220; shape=&#8220;img-round&#8220; radius=&#8220;xl&#8220; css_animation=&#8220;bottom-t-top&#8220; animation_speed=&#8220;400&#8243; uncode_shortcode_id=&#8220;145673&#8243;][vc_column_text uncode_shortcode_id=&#8220;155426&#8243;]Die kreativen K\u00f6pfe, alten Hasen und Vision\u00e4r:innen unserer Abteilung \u2013 immer voller frischer Ideen und Tatendrang.<br \/>\nMit ihrem Gesp\u00fcr f\u00fcr starke Geschichten und perfektes Timing f\u00fchren Sie jedes Projekt zum Erfolg. Als leidenschaftliche Teamplayer inspirieren Sie Kollegen und Kunden gleicherma\u00dfen.[\/vc_column_text][\/vc_column][\/vc_row][vc_row row_height_percent=&#8220;0&#8243; override_padding=&#8220;yes&#8220; h_padding=&#8220;2&#8243; top_padding=&#8220;5&#8243; bottom_padding=&#8220;0&#8243; back_color=&#8220;color-gyho&#8220; overlay_alpha=&#8220;50&#8243; gutter_size=&#8220;3&#8243; column_width_percent=&#8220;100&#8243; shift_y=&#8220;0&#8243; z_index=&#8220;0&#8243;][vc_column column_width_use_pixel=&#8220;yes&#8220; align_horizontal=&#8220;align_center&#8220; gutter_size=&#8220;3&#8243; overlay_alpha=&#8220;50&#8243; shift_x=&#8220;0&#8243; shift_y=&#8220;0&#8243; shift_y_down=&#8220;0&#8243; z_index=&#8220;0&#8243; medium_width=&#8220;0&#8243; mobile_width=&#8220;0&#8243; width=&#8220;1\/1&#8243; column_width_pixel=&#8220;600&#8243;][vc_custom_heading heading_semantic=&#8220;h3&#8243; sub_lead=&#8220;yes&#8220; css_animation=&#8220;bottom-t-top&#8220; subheading=&#8220;Unser zentrales Video-Headquarter befindet sich im Herzen Berlins \u2013 dort, wo kreative Konzepte und innovative Produktionen entstehen. Erg\u00e4nzend dazu unterhalten wir eine spezialisierte Niederlassung in K\u00f6ln, die es uns erm\u00f6glicht, auch im mittel- und s\u00fcddeutschen Raum eine pers\u00f6nliche und schnelle Betreuung sicherzustellen. Durch die enge, flexible Zusammenarbeit unserer Teams setzen wir Projekte standort\u00fcbergreifend effizient um und gew\u00e4hrleisten dabei h\u00f6chste Qualit\u00e4t. So verbinden wir lokale Pr\u00e4senz mit \u00fcberregionaler Reichweite \u2013 genau dort, wo Sie uns brauchen.&#8220; uncode_shortcode_id=&#8220;156382&#8243;]Wir sind da, wo Sie uns brauchen&#8230;<\/p>\n<p>[\/vc_custom_heading][\/vc_column][\/vc_row][vc_row row_height_percent=&#8220;0&#8243; override_padding=&#8220;yes&#8220; h_padding=&#8220;2&#8243; top_padding=&#8220;2&#8243; bottom_padding=&#8220;5&#8243; back_color=&#8220;color-gyho&#8220; overlay_alpha=&#8220;50&#8243; gutter_size=&#8220;3&#8243; column_width_percent=&#8220;100&#8243; shift_y=&#8220;0&#8243; z_index=&#8220;0&#8243;][vc_column column_width_percent=&#8220;100&#8243; gutter_size=&#8220;0&#8243; override_padding=&#8220;yes&#8220; column_padding=&#8220;0&#8243; back_color=&#8220;color-wayh&#8220; overlay_alpha=&#8220;50&#8243; shift_x=&#8220;0&#8243; shift_y=&#8220;0&#8243; shift_y_down=&#8220;0&#8243; z_index=&#8220;0&#8243; medium_width=&#8220;0&#8243; mobile_width=&#8220;0&#8243; width=&#8220;1\/2&#8243;][vc_row_inner limit_content=&#8220;&#8220;][vc_column_inner column_width_percent=&#8220;100&#8243; align_horizontal=&#8220;align_center&#8220; gutter_size=&#8220;2&#8243; back_color=&#8220;color-xsdn&#8220; overlay_alpha=&#8220;50&#8243; shift_x=&#8220;0&#8243; shift_y=&#8220;0&#8243; shift_y_down=&#8220;0&#8243; z_index=&#8220;0&#8243; medium_width=&#8220;0&#8243; mobile_width=&#8220;0&#8243; width=&#8220;1\/1&#8243;][vc_single_image media=&#8220;131569&#8243; media_width_percent=&#8220;50&#8243; media_ratio=&#8220;one-one&#8220; alignment=&#8220;center&#8220; shape=&#8220;img-circle&#8220; uncode_shortcode_id=&#8220;100533&#8243;][vc_custom_heading heading_semantic=&#8220;h3&#8243; text_size=&#8220;h3&#8243; uncode_shortcode_id=&#8220;106006&#8243;]<\/p>\n<div class=\"bJzME tTVLSc\">\n<div class=\"k7jAl miFGmb lJ3Kh \">\n<div class=\"e07Vkf kA9KIf dS8AEf\" tabindex=\"-1\">\n<div class=\"aIFcqe\">\n<div class=\"m6QErb WNBkOb XiKgde \" role=\"main\" aria-label=\"]init[ AG Berlin | West Side Office\"><\/div>\n<\/div>\n<\/div>\n<\/div>\n<\/div>\n<div class=\"tAiQdd\">\n<div class=\"lMbq3e\">\n<div>\n<h4 class=\"DUwDvf lfPIob\">]init[ AG Berlin | West Side Office<\/h4>\n<\/div>\n<\/div>\n<\/div>\n<p>[\/vc_custom_heading][vc_column_text uncode_shortcode_id=&#8220;349740&#8243;]K\u00f6penicker Str. 9,<\/p>\n<p>10997 Berlin[\/vc_column_text][\/vc_column_inner][\/vc_row_inner][\/vc_column][vc_column column_width_percent=&#8220;100&#8243; gutter_size=&#8220;0&#8243; override_padding=&#8220;yes&#8220; column_padding=&#8220;0&#8243; back_color=&#8220;color-wayh&#8220; overlay_alpha=&#8220;50&#8243; shift_x=&#8220;0&#8243; shift_y=&#8220;0&#8243; shift_y_down=&#8220;0&#8243; z_index=&#8220;0&#8243; medium_width=&#8220;0&#8243; mobile_width=&#8220;0&#8243; width=&#8220;1\/2&#8243;][vc_row_inner limit_content=&#8220;&#8220;][vc_column_inner column_width_percent=&#8220;100&#8243; align_horizontal=&#8220;align_center&#8220; gutter_size=&#8220;2&#8243; back_color=&#8220;color-xsdn&#8220; overlay_alpha=&#8220;50&#8243; shift_x=&#8220;0&#8243; shift_y=&#8220;0&#8243; shift_y_down=&#8220;0&#8243; z_index=&#8220;0&#8243; medium_width=&#8220;0&#8243; mobile_width=&#8220;0&#8243; width=&#8220;1\/1&#8243;][vc_single_image media=&#8220;131568&#8243; media_width_percent=&#8220;50&#8243; media_ratio=&#8220;one-one&#8220; alignment=&#8220;center&#8220; shape=&#8220;img-circle&#8220; uncode_shortcode_id=&#8220;195500&#8243;][vc_custom_heading heading_semantic=&#8220;h3&#8243; text_size=&#8220;h3&#8243; uncode_shortcode_id=&#8220;144718&#8243;]<\/p>\n<h4 class=\"DUwDvf lfPIob\">]init[ AG K\u00f6ln<\/h4>\n<p>[\/vc_custom_heading][vc_column_text uncode_shortcode_id=&#8220;712154&#8243;]An der Pauluskirche 3-5,<\/p>\n<p>50677 K\u00f6ln[\/vc_column_text][\/vc_column_inner][\/vc_row_inner][\/vc_column][\/vc_row][vc_row row_height_percent=&#8220;0&#8243; override_padding=&#8220;yes&#8220; h_padding=&#8220;2&#8243; top_padding=&#8220;7&#8243; bottom_padding=&#8220;7&#8243; back_color=&#8220;color-jevc&#8220; overlay_alpha=&#8220;50&#8243; gutter_size=&#8220;4&#8243; column_width_percent=&#8220;100&#8243; shift_y=&#8220;0&#8243; z_index=&#8220;0&#8243; uncode_shortcode_id=&#8220;106844&#8243; back_color_type=&#8220;uncode-palette&#8220;][vc_column column_width_percent=&#8220;100&#8243; gutter_size=&#8220;3&#8243; style=&#8220;light&#8220; overlay_alpha=&#8220;50&#8243; shift_x=&#8220;0&#8243; shift_y=&#8220;0&#8243; shift_y_down=&#8220;0&#8243; z_index=&#8220;0&#8243; medium_width=&#8220;0&#8243; mobile_width=&#8220;0&#8243; width=&#8220;1\/3&#8243; uncode_shortcode_id=&#8220;153649&#8243;][uncode_socials size=&#8220;lead&#8220; css_animation=&#8220;alpha-anim&#8220;][\/vc_column][vc_column column_width_percent=&#8220;100&#8243; gutter_size=&#8220;3&#8243; style=&#8220;dark&#8220; overlay_alpha=&#8220;50&#8243; shift_x=&#8220;0&#8243; shift_y=&#8220;0&#8243; shift_y_down=&#8220;0&#8243; z_index=&#8220;0&#8243; medium_width=&#8220;0&#8243; mobile_width=&#8220;0&#8243; width=&#8220;2\/3&#8243;][vc_row_inner limit_content=&#8220;&#8220;][vc_column_inner column_width_percent=&#8220;100&#8243; gutter_size=&#8220;3&#8243; style=&#8220;dark&#8220; overlay_alpha=&#8220;50&#8243; shift_x=&#8220;0&#8243; shift_y=&#8220;0&#8243; shift_y_down=&#8220;0&#8243; z_index=&#8220;0&#8243; medium_width=&#8220;0&#8243; mobile_width=&#8220;0&#8243; width=&#8220;1\/3&#8243;][vc_custom_heading heading_semantic=&#8220;h5&#8243; text_size=&#8220;h4&#8243; uncode_shortcode_id=&#8220;194362&#8243;]Umschauen[\/vc_custom_heading][uncode_list icon=&#8220;fa fa-arrow-right3&#8243; uncode_shortcode_id=&#8220;312202&#8243;]<\/p>\n<ul>\n<li><a href=\"https:\/\/showcase.initvideo.de\/index.php\/init\/\" rel=\"nofollow noopener\">Impressum<\/a><\/li>\n<li><a href=\"https:\/\/showcase.initvideo.de\/index.php\/services\/\" rel=\"nofollow noopener\">Services<\/a><\/li>\n<li><a href=\"https:\/\/showcase.initvideo.de\/index.php\/videos\/\" rel=\"nofollow noopener\">Portfolio<\/a><\/li>\n<\/ul>\n<p>[\/uncode_list][\/vc_column_inner][vc_column_inner column_width_percent=&#8220;100&#8243; gutter_size=&#8220;3&#8243; style=&#8220;dark&#8220; overlay_alpha=&#8220;50&#8243; shift_x=&#8220;0&#8243; shift_y=&#8220;0&#8243; shift_y_down=&#8220;0&#8243; z_index=&#8220;0&#8243; medium_width=&#8220;0&#8243; mobile_width=&#8220;0&#8243; width=&#8220;1\/3&#8243;][vc_custom_heading heading_semantic=&#8220;h5&#8243; text_size=&#8220;h4&#8243; uncode_shortcode_id=&#8220;949247&#8243;]Hauptsitz[\/vc_custom_heading][vc_column_text uncode_shortcode_id=&#8220;196480&#8243;]]init[ Aktiengesellschaft f\u00fcr digitale Kommunikation<br \/>\nK\u00f6penicker Stra\u00dfe 9<br \/>\n10997 Berlin[\/vc_column_text][\/vc_column_inner][vc_column_inner column_width_percent=&#8220;100&#8243; gutter_size=&#8220;3&#8243; style=&#8220;dark&#8220; overlay_alpha=&#8220;50&#8243; shift_x=&#8220;0&#8243; shift_y=&#8220;0&#8243; shift_y_down=&#8220;0&#8243; z_index=&#8220;0&#8243; medium_width=&#8220;0&#8243; mobile_width=&#8220;0&#8243; width=&#8220;1\/3&#8243;][vc_custom_heading heading_semantic=&#8220;h5&#8243; text_size=&#8220;h4&#8243; uncode_shortcode_id=&#8220;172635&#8243;]Kontaktaufnahme[\/vc_custom_heading][vc_column_text uncode_shortcode_id=&#8220;645376&#8243;]<a href=\"mailto:hello@yourwebsite.com\">teamvideo@init.de<\/a><br \/>\n+49 30 97006 0[\/vc_column_text][\/vc_column_inner][\/vc_row_inner][\/vc_column][\/vc_row]<\/p>\n<\/div>","protected":false},"excerpt":{"rendered":"<p>[vc_row row_height_percent=&#8220;46&#8243; back_color=&#8220;color-xsdn&#8220; back_image=&#8220;131301&#8243; overlay_color=&#8220;color-xsdn&#8220; overlay_alpha=&#8220;20&#8243; gutter_size=&#8220;3&#8243; column_width_percent=&#8220;100&#8243; shift_y=&#8220;0&#8243; z_index=&#8220;0&#8243; uncode_shortcode_id=&#8220;974236&#8243; back_color_type=&#8220;uncode-palette&#8220; overlay_color_type=&#8220;uncode-palette&#8220;][vc_column width=&#8220;1\/1&#8243;][\/vc_column][\/vc_row][vc_row row_height_percent=&#8220;0&#8243; override_padding=&#8220;yes&#8220; h_padding=&#8220;2&#8243; top_padding=&#8220;0&#8243; bottom_padding=&#8220;5&#8243; overlay_alpha=&#8220;50&#8243; [&hellip;]<\/p>\n","protected":false},"author":1,"featured_media":0,"parent":0,"menu_order":0,"comment_status":"closed","ping_status":"closed","template":"","meta":{"footnotes":""},"class_list":["post-130846","page","type-page","status-publish","hentry"],"_links":{"self":[{"href":"https:\/\/showcase.initvideo.de\/index.php\/wp-json\/wp\/v2\/pages\/130846","targetHints":{"allow":["GET"]}}],"collection":[{"href":"https:\/\/showcase.initvideo.de\/index.php\/wp-json\/wp\/v2\/pages"}],"about":[{"href":"https:\/\/showcase.initvideo.de\/index.php\/wp-json\/wp\/v2\/types\/page"}],"author":[{"embeddable":true,"href":"https:\/\/showcase.initvideo.de\/index.php\/wp-json\/wp\/v2\/users\/1"}],"replies":[{"embeddable":true,"href":"https:\/\/showcase.initvideo.de\/index.php\/wp-json\/wp\/v2\/comments?post=130846"}],"version-history":[{"count":104,"href":"https:\/\/showcase.initvideo.de\/index.php\/wp-json\/wp\/v2\/pages\/130846\/revisions"}],"predecessor-version":[{"id":131677,"href":"https:\/\/showcase.initvideo.de\/index.php\/wp-json\/wp\/v2\/pages\/130846\/revisions\/131677"}],"wp:attachment":[{"href":"https:\/\/showcase.initvideo.de\/index.php\/wp-json\/wp\/v2\/media?parent=130846"}],"curies":[{"name":"wp","href":"https:\/\/api.w.org\/{rel}","templated":true}]}}