{"id":130790,"date":"2024-05-23T07:43:14","date_gmt":"2024-05-23T07:43:14","guid":{"rendered":"https:\/\/showcase.initvideo.de\/?page_id=130790"},"modified":"2025-08-21T13:28:11","modified_gmt":"2025-08-21T13:28:11","slug":"services","status":"publish","type":"page","link":"https:\/\/showcase.initvideo.de\/index.php\/services\/","title":{"rendered":"Services"},"content":{"rendered":"<div class=\"wpb-content-wrapper\"><p>[vc_row unlock_row_content=&#8220;yes&#8220; row_height_percent=&#8220;20&#8243; back_image=&#8220;131002&#8243; overlay_alpha=&#8220;50&#8243; gutter_size=&#8220;3&#8243; column_width_percent=&#8220;100&#8243; shift_y=&#8220;0&#8243; z_index=&#8220;0&#8243; uncode_shortcode_id=&#8220;106492&#8243; row_height_pixel=&#8220;300&#8243;][vc_column width=&#8220;1\/1&#8243;][\/vc_column][\/vc_row][vc_row row_height_percent=&#8220;0&#8243; override_padding=&#8220;yes&#8220; h_padding=&#8220;2&#8243; top_padding=&#8220;5&#8243; bottom_padding=&#8220;5&#8243; back_color=&#8220;color-rgdb&#8220; overlay_alpha=&#8220;100&#8243; equal_height=&#8220;yes&#8220; gutter_size=&#8220;3&#8243; column_width_percent=&#8220;100&#8243; shift_y=&#8220;0&#8243; z_index=&#8220;0&#8243; bottom_divider=&#8220;gradient&#8220; el_class=&#8220;row-letaral section-lateral row-horizontal-display overflow-hidden shape-bg additions&#8220; uncode_shortcode_id=&#8220;140376&#8243; back_color_type=&#8220;uncode-palette&#8220;][vc_column column_width_use_pixel=&#8220;yes&#8220; position_vertical=&#8220;middle&#8220; align_horizontal=&#8220;align_center&#8220; gutter_size=&#8220;3&#8243; overlay_alpha=&#8220;50&#8243; shift_x=&#8220;0&#8243; shift_y=&#8220;0&#8243; shift_y_down=&#8220;0&#8243; z_index=&#8220;0&#8243; medium_width=&#8220;0&#8243; mobile_width=&#8220;0&#8243; width=&#8220;1\/1&#8243; uncode_shortcode_id=&#8220;210599&#8243;][vc_row_inner row_inner_height_percent=&#8220;0&#8243; overlay_alpha=&#8220;100&#8243; gutter_size=&#8220;3&#8243; shift_y=&#8220;0&#8243; z_index=&#8220;0&#8243; limit_content=&#8220;&#8220; uncode_shortcode_id=&#8220;155795&#8243;][vc_column_inner column_width_use_pixel=&#8220;yes&#8220; align_horizontal=&#8220;align_center&#8220; gutter_size=&#8220;2&#8243; overlay_alpha=&#8220;100&#8243; shift_x=&#8220;0&#8243; shift_y=&#8220;0&#8243; shift_y_down=&#8220;0&#8243; z_index=&#8220;0&#8243; medium_width=&#8220;0&#8243; mobile_width=&#8220;0&#8243; width=&#8220;1\/1&#8243; column_width_pixel=&#8220;800&#8243; uncode_shortcode_id=&#8220;108394&#8243;][vc_custom_heading text_color=&#8220;color-xsdn&#8220; heading_semantic=&#8220;p&#8220; text_size=&#8220;h1&#8243; uncode_shortcode_id=&#8220;720960&#8243; text_color_type=&#8220;uncode-palette&#8220;]Unsere Services im \u00dcberblick[\/vc_custom_heading][vc_column_text text_lead=&#8220;yes&#8220; text_color=&#8220;color-xsdn&#8220; uncode_shortcode_id=&#8220;653121&#8243; text_color_type=&#8220;uncode-palette&#8220;]Wir sind eine Full-Service-Agentur, die sich auf die Erstellung innovativer digitaler Videoformate spezialisiert hat. Mit kreativen und ma\u00dfgeschneiderten L\u00f6sungen im Bewegtbildformat helfen wir Ihnen, Ihre Botschaften zielgerichtet und wirkungsvoll zu vermitteln.[\/vc_column_text][\/vc_column_inner][\/vc_row_inner][vc_row_inner row_inner_height_percent=&#8220;0&#8243; overlay_alpha=&#8220;100&#8243; gutter_size=&#8220;4&#8243; shift_y=&#8220;0&#8243; z_index=&#8220;0&#8243; limit_content=&#8220;&#8220;][vc_column_inner column_width_percent=&#8220;100&#8243; gutter_size=&#8220;3&#8243; overlay_alpha=&#8220;100&#8243; shift_x=&#8220;0&#8243; shift_y=&#8220;0&#8243; shift_y_down=&#8220;0&#8243; z_index=&#8220;0&#8243; medium_width=&#8220;2&#8243; align_mobile=&#8220;align_center_mobile&#8220; mobile_width=&#8220;0&#8243; css_animation=&#8220;zoom-out&#8220; zoom_width=&#8220;0&#8243; zoom_height=&#8220;0&#8243; width=&#8220;1\/4&#8243; uncode_shortcode_id=&#8220;355474&#8243;][vc_custom_heading text_color=&#8220;color-xsdn&#8220; heading_semantic=&#8220;h3&#8243; text_size=&#8220;h4&#8243; sub_reduced=&#8220;yes&#8220; subheading=&#8220;Bewegtbildstrategie definiert Ziele, Zielgruppen und Kan\u00e4le \u2013 f\u00fcr wirkungsstarke Inhalte mit klarer Ausrichtung und maximalem Impact.&#8220; uncode_shortcode_id=&#8220;856644&#8243; text_color_type=&#8220;uncode-palette&#8220;]Bewegtbildstrategie[\/vc_custom_heading][\/vc_column_inner][vc_column_inner column_width_percent=&#8220;100&#8243; gutter_size=&#8220;3&#8243; style=&#8220;light&#8220; overlay_alpha=&#8220;100&#8243; shift_x=&#8220;0&#8243; shift_y=&#8220;0&#8243; shift_y_down=&#8220;0&#8243; z_index=&#8220;0&#8243; medium_width=&#8220;2&#8243; align_mobile=&#8220;align_center_mobile&#8220; mobile_width=&#8220;0&#8243; css_animation=&#8220;zoom-out&#8220; zoom_width=&#8220;0&#8243; zoom_height=&#8220;0&#8243; width=&#8220;1\/4&#8243; uncode_shortcode_id=&#8220;203438&#8243;][vc_custom_heading text_color=&#8220;color-xsdn&#8220; heading_semantic=&#8220;h3&#8243; text_size=&#8220;h4&#8243; sub_reduced=&#8220;yes&#8220; subheading=&#8220;Wir helfen Ihnen das passende Format f\u00fcr Ihre Videoinhalte zu finden. Dabei schaffen wir passgenaue Konzepte f\u00fcr Ihre individuellen Kommunikationsziele.&#8220; uncode_shortcode_id=&#8220;117001&#8243; text_color_type=&#8220;uncode-palette&#8220;]Formatentwicklung &amp; Konzept[\/vc_custom_heading][\/vc_column_inner][vc_column_inner column_width_percent=&#8220;100&#8243; gutter_size=&#8220;3&#8243; overlay_alpha=&#8220;100&#8243; shift_x=&#8220;0&#8243; shift_y=&#8220;0&#8243; shift_y_down=&#8220;0&#8243; z_index=&#8220;0&#8243; medium_width=&#8220;2&#8243; align_mobile=&#8220;align_center_mobile&#8220; mobile_width=&#8220;0&#8243; css_animation=&#8220;zoom-out&#8220; zoom_width=&#8220;0&#8243; zoom_height=&#8220;0&#8243; width=&#8220;1\/4&#8243; uncode_shortcode_id=&#8220;117453&#8243;][vc_custom_heading text_color=&#8220;color-xsdn&#8220; heading_semantic=&#8220;h3&#8243; text_size=&#8220;h4&#8243; sub_reduced=&#8220;yes&#8220; subheading=&#8220;Mit zielgerichteten Video-Marketing-Strategien st\u00e4rken wir Ihre Online-Pr\u00e4senz. Unsere Videos machen Ihre Botschaft sichtbar und messbar erfolgreich.&#8220; uncode_shortcode_id=&#8220;372468&#8243; text_color_type=&#8220;uncode-palette&#8220;]Video-Marketing[\/vc_custom_heading][\/vc_column_inner][vc_column_inner column_width_percent=&#8220;100&#8243; gutter_size=&#8220;3&#8243; overlay_alpha=&#8220;50&#8243; shift_x=&#8220;0&#8243; shift_y=&#8220;0&#8243; shift_y_down=&#8220;0&#8243; z_index=&#8220;0&#8243; medium_width=&#8220;2&#8243; align_mobile=&#8220;align_center_mobile&#8220; mobile_width=&#8220;0&#8243; css_animation=&#8220;zoom-out&#8220; width=&#8220;1\/4&#8243; uncode_shortcode_id=&#8220;165535&#8243;][vc_custom_heading text_color=&#8220;color-xsdn&#8220; heading_semantic=&#8220;h3&#8243; text_size=&#8220;h4&#8243; sub_reduced=&#8220;yes&#8220; subheading=&#8220;Realbildproduktion inszeniert reale Szenarien mit h\u00f6chster Pr\u00e4zision \u2013 f\u00fcr authentische Markenkommunikation und \u00fcberzeugende visuelle Inhalte.&#8220; uncode_shortcode_id=&#8220;165623&#8243; text_color_type=&#8220;uncode-palette&#8220;]Realbildproduktion[\/vc_custom_heading][\/vc_column_inner][\/vc_row_inner][vc_row_inner row_inner_height_percent=&#8220;0&#8243; overlay_alpha=&#8220;100&#8243; gutter_size=&#8220;4&#8243; shift_y=&#8220;0&#8243; z_index=&#8220;0&#8243; limit_content=&#8220;&#8220;][vc_column_inner column_width_percent=&#8220;100&#8243; gutter_size=&#8220;3&#8243; overlay_alpha=&#8220;100&#8243; shift_x=&#8220;0&#8243; shift_y=&#8220;0&#8243; shift_y_down=&#8220;0&#8243; z_index=&#8220;0&#8243; medium_width=&#8220;2&#8243; align_mobile=&#8220;align_center_mobile&#8220; mobile_width=&#8220;0&#8243; css_animation=&#8220;zoom-out&#8220; zoom_width=&#8220;0&#8243; zoom_height=&#8220;0&#8243; width=&#8220;1\/4&#8243; uncode_shortcode_id=&#8220;139248&#8243;][vc_custom_heading text_color=&#8220;color-xsdn&#8220; heading_semantic=&#8220;h3&#8243; text_size=&#8220;h4&#8243; sub_reduced=&#8220;yes&#8220; subheading=&#8220;Bewegte Gestaltung trifft Storytelling \u2013 Animation schafft Emotionen und vermittelt Inhalte eindrucksvoll.&#8220; uncode_shortcode_id=&#8220;530583&#8243; text_color_type=&#8220;uncode-palette&#8220;]Illustration &#8211; Animation &#8211; Motion Design[\/vc_custom_heading][\/vc_column_inner][vc_column_inner column_width_percent=&#8220;100&#8243; gutter_size=&#8220;3&#8243; overlay_alpha=&#8220;100&#8243; shift_x=&#8220;0&#8243; shift_y=&#8220;0&#8243; shift_y_down=&#8220;0&#8243; z_index=&#8220;0&#8243; medium_width=&#8220;2&#8243; align_mobile=&#8220;align_center_mobile&#8220; mobile_width=&#8220;0&#8243; css_animation=&#8220;zoom-out&#8220; zoom_width=&#8220;0&#8243; zoom_height=&#8220;0&#8243; width=&#8220;1\/4&#8243; uncode_shortcode_id=&#8220;740243&#8243;][vc_custom_heading text_color=&#8220;color-xsdn&#8220; heading_semantic=&#8220;h3&#8243; text_size=&#8220;h4&#8243; sub_reduced=&#8220;yes&#8220; subheading=&#8220;Von Schnitt und Farbkorrektur \u2013 wir verleihen Ihren Videos den finalen Schliff und verwandeln Rohmaterial in fesselnde visuelle Erlebnisse.&#8220; uncode_shortcode_id=&#8220;749316&#8243; text_color_type=&#8220;uncode-palette&#8220;]Postproduktion[\/vc_custom_heading][\/vc_column_inner][vc_column_inner column_width_percent=&#8220;100&#8243; gutter_size=&#8220;3&#8243; overlay_alpha=&#8220;100&#8243; shift_x=&#8220;0&#8243; shift_y=&#8220;0&#8243; shift_y_down=&#8220;0&#8243; z_index=&#8220;0&#8243; medium_width=&#8220;2&#8243; align_mobile=&#8220;align_center_mobile&#8220; mobile_width=&#8220;0&#8243; css_animation=&#8220;zoom-out&#8220; zoom_width=&#8220;0&#8243; zoom_height=&#8220;0&#8243; width=&#8220;1\/4&#8243; uncode_shortcode_id=&#8220;188177&#8243;][vc_custom_heading text_color=&#8220;color-xsdn&#8220; heading_semantic=&#8220;h3&#8243; text_size=&#8220;h4&#8243; sub_reduced=&#8220;yes&#8220; subheading=&#8220;Sound Design schafft Atmosph\u00e4re, Vertonung verleiht Charakter \u2013 f\u00fcr ein ganzheitliches audiovisuelles Markenerlebnis.&#8220; uncode_shortcode_id=&#8220;778971&#8243; text_color_type=&#8220;uncode-palette&#8220;]Sound Design &amp; Vertonung[\/vc_custom_heading][\/vc_column_inner][vc_column_inner column_width_percent=&#8220;100&#8243; gutter_size=&#8220;3&#8243; overlay_alpha=&#8220;50&#8243; shift_x=&#8220;0&#8243; shift_y=&#8220;0&#8243; shift_y_down=&#8220;0&#8243; z_index=&#8220;0&#8243; medium_width=&#8220;2&#8243; align_mobile=&#8220;align_center_mobile&#8220; mobile_width=&#8220;0&#8243; css_animation=&#8220;zoom-out&#8220; width=&#8220;1\/4&#8243; uncode_shortcode_id=&#8220;476286&#8243;][vc_custom_heading text_color=&#8220;color-xsdn&#8220; heading_semantic=&#8220;h3&#8243; text_size=&#8220;h4&#8243; sub_reduced=&#8220;yes&#8220; subheading=&#8220;Unser Expertise vermittelt Know-how und kreative Tools \u2013 f\u00fcr effektive Inhouse-Kompetenz rund um das Bewegtbild.&#8220; uncode_shortcode_id=&#8220;453954&#8243; text_color_type=&#8220;uncode-palette&#8220;]Video &amp; KI- Workshops[\/vc_custom_heading][\/vc_column_inner][\/vc_row_inner][\/vc_column][\/vc_row][vc_row row_height_percent=&#8220;50&#8243; override_padding=&#8220;yes&#8220; h_padding=&#8220;2&#8243; top_padding=&#8220;5&#8243; bottom_padding=&#8220;2&#8243; back_color=&#8220;color-xsdn&#8220; overlay_alpha=&#8220;50&#8243; gutter_size=&#8220;4&#8243; column_width_percent=&#8220;100&#8243; shift_y=&#8220;0&#8243; z_index=&#8220;0&#8243; el_class=&#8220;inverted-device-order&#8220; uncode_shortcode_id=&#8220;172993&#8243; back_color_type=&#8220;uncode-palette&#8220;][vc_column column_width_use_pixel=&#8220;yes&#8220; position_vertical=&#8220;middle&#8220; gutter_size=&#8220;3&#8243; overlay_alpha=&#8220;50&#8243; shift_x=&#8220;0&#8243; shift_y=&#8220;0&#8243; shift_y_down=&#8220;0&#8243; z_index=&#8220;0&#8243; medium_width=&#8220;0&#8243; mobile_width=&#8220;0&#8243; width=&#8220;1\/2&#8243; column_width_pixel=&#8220;900&#8243;][vc_custom_heading text_color=&#8220;accent&#8220; heading_semantic=&#8220;h6&#8243; text_size=&#8220;h6&#8243; text_transform=&#8220;uppercase&#8220; uncode_shortcode_id=&#8220;601075&#8243; text_color_type=&#8220;uncode-palette&#8220;]Die Mischung machts[\/vc_custom_heading][vc_custom_heading heading_semantic=&#8220;h3&#8243; text_size=&#8220;h1&#8243; subheading=&#8220;Livestreaming verbindet Sie in Echtzeit mit Ihrem Publikum und schafft unmittelbare N\u00e4he. Wir planen, produzieren und \u00fcbertragen Ihre Live-Events mit modernster Technik und professionellem Support. Ob Produktpr\u00e4sentationen, Webinare oder Konferenzen \u2013 wir sorgen f\u00fcr gestochen scharfe Bilder und kristallklaren Ton. Unsere L\u00f6sungen sind flexibel und skalierbar, sodass wir Events jeder Gr\u00f6\u00dfe abdecken k\u00f6nnen. Dabei achten wir stets auf eine stabile und sichere \u00dcbertragung, um ein reibungsloses Erlebnis zu garantieren.&#8220; uncode_shortcode_id=&#8220;156578&#8243;]Livestreaming[\/vc_custom_heading][\/vc_column][vc_column width=&#8220;1\/2&#8243;][vc_single_image media=&#8220;130801&#8243; media_width_percent=&#8220;100&#8243; media_ratio=&#8220;sixteen-nine&#8220; uncode_shortcode_id=&#8220;634488&#8243;][\/vc_column][\/vc_row][vc_row row_height_percent=&#8220;50&#8243; override_padding=&#8220;yes&#8220; h_padding=&#8220;2&#8243; top_padding=&#8220;2&#8243; bottom_padding=&#8220;5&#8243; back_color=&#8220;color-xsdn&#8220; overlay_alpha=&#8220;50&#8243; gutter_size=&#8220;4&#8243; column_width_percent=&#8220;100&#8243; shift_y=&#8220;0&#8243; z_index=&#8220;0&#8243; uncode_shortcode_id=&#8220;745727&#8243; back_color_type=&#8220;uncode-palette&#8220;][vc_column width=&#8220;1\/2&#8243;][vc_single_image media=&#8220;130802&#8243; media_width_percent=&#8220;100&#8243; media_ratio=&#8220;sixteen-nine&#8220; uncode_shortcode_id=&#8220;651692&#8243;][\/vc_column][vc_column column_width_use_pixel=&#8220;yes&#8220; position_vertical=&#8220;middle&#8220; gutter_size=&#8220;3&#8243; overlay_alpha=&#8220;50&#8243; shift_x=&#8220;0&#8243; shift_y=&#8220;0&#8243; shift_y_down=&#8220;0&#8243; z_index=&#8220;0&#8243; medium_width=&#8220;0&#8243; mobile_width=&#8220;0&#8243; width=&#8220;1\/2&#8243; column_width_pixel=&#8220;900&#8243;][vc_custom_heading text_color=&#8220;accent&#8220; heading_semantic=&#8220;h6&#8243; text_size=&#8220;h6&#8243; text_transform=&#8220;uppercase&#8220; uncode_shortcode_id=&#8220;740817&#8243; text_color_type=&#8220;uncode-palette&#8220;]Hier gibts was auf die Ohren[\/vc_custom_heading][vc_custom_heading heading_semantic=&#8220;h3&#8243; text_size=&#8220;h1&#8243; subheading=&#8220;Podcasts sind ein effektives Medium, um Geschichten zu erz\u00e4hlen und wertvolle Inhalte zu vermitteln. Wir begleiten Sie von der Ideenfindung \u00fcber die Aufnahme bis hin zur Ver\u00f6ffentlichung auf allen wichtigen Plattformen. Professionelles Equipment und hochwertige Nachbearbeitung sorgen f\u00fcr einen klaren und ansprechenden Klang. Mit unserem strategischen Ansatz entwickeln wir ein einzigartiges Format, das Ihre Zielgruppe anspricht. So machen wir Ihre Marke h\u00f6rbar und schaffen treue Zuh\u00f6rerschaften.&#8220; uncode_shortcode_id=&#8220;617407&#8243;]Podcast[\/vc_custom_heading][\/vc_column][\/vc_row][vc_row row_height_percent=&#8220;0&#8243; override_padding=&#8220;yes&#8220; h_padding=&#8220;2&#8243; top_padding=&#8220;5&#8243; bottom_padding=&#8220;5&#8243; back_color=&#8220;color-rgdb&#8220; overlay_alpha=&#8220;50&#8243; gutter_size=&#8220;100&#8243; column_width_percent=&#8220;100&#8243; shift_y=&#8220;0&#8243; z_index=&#8220;0&#8243; style=&#8220;inherited&#8220; row_name=&#8220;About Us&#8220; uncode_shortcode_id=&#8220;356060&#8243; back_color_type=&#8220;uncode-palette&#8220;][vc_column column_width_percent=&#8220;100&#8243; position_vertical=&#8220;middle&#8220; align_horizontal=&#8220;align_center&#8220; gutter_size=&#8220;4&#8243; overlay_alpha=&#8220;100&#8243; shift_x=&#8220;0&#8243; shift_y=&#8220;0&#8243; shift_y_down=&#8220;0&#8243; z_index=&#8220;0&#8243; medium_width=&#8220;0&#8243; mobile_width=&#8220;0&#8243; zoom_width=&#8220;0&#8243; zoom_height=&#8220;0&#8243; width=&#8220;1\/1&#8243;][vc_row_inner limit_content=&#8220;&#8220;][vc_column_inner column_width_use_pixel=&#8220;yes&#8220; align_horizontal=&#8220;align_center&#8220; gutter_size=&#8220;3&#8243; overlay_alpha=&#8220;50&#8243; shift_x=&#8220;0&#8243; shift_y=&#8220;0&#8243; shift_y_down=&#8220;0&#8243; z_index=&#8220;0&#8243; medium_width=&#8220;0&#8243; mobile_width=&#8220;0&#8243; column_width_pixel=&#8220;600&#8243;][vc_custom_heading text_color=&#8220;color-xsdn&#8220; heading_semantic=&#8220;h3&#8243; text_size=&#8220;h1&#8243; uncode_shortcode_id=&#8220;791083&#8243; text_color_type=&#8220;uncode-palette&#8220;]Alles auf einen Blick[\/vc_custom_heading][\/vc_column_inner][\/vc_row_inner][vc_row_inner row_inner_height_percent=&#8220;0&#8243; overlay_alpha=&#8220;100&#8243; gutter_size=&#8220;4&#8243; shift_y=&#8220;0&#8243; z_index=&#8220;0&#8243; limit_content=&#8220;&#8220;][vc_column_inner column_width_percent=&#8220;100&#8243; gutter_size=&#8220;3&#8243; overlay_alpha=&#8220;100&#8243; shift_x=&#8220;0&#8243; shift_y=&#8220;0&#8243; shift_y_down=&#8220;0&#8243; z_index=&#8220;0&#8243; medium_width=&#8220;3&#8243; mobile_width=&#8220;7&#8243; zoom_width=&#8220;0&#8243; zoom_height=&#8220;0&#8243; width=&#8220;1\/4&#8243;][uncode_list icon=&#8220;fa fa-check-circle&#8220; icon_color=&#8220;color-xsdn&#8220; css_animation=&#8220;zoom-in&#8220; uncode_shortcode_id=&#8220;911708&#8243; icon_color_type=&#8220;uncode-palette&#8220;]<\/p>\n<ul>\n<li>Strategieberatung<\/li>\n<li>Kommunikationsstrategie<\/li>\n<li>Kanalstrategie<\/li>\n<li>Formatentwicklung<\/li>\n<li>Schulung in Videoproduktionen<\/li>\n<li>Workshops<\/li>\n<\/ul>\n<p>[\/uncode_list][\/vc_column_inner][vc_column_inner column_width_percent=&#8220;100&#8243; gutter_size=&#8220;3&#8243; overlay_alpha=&#8220;100&#8243; shift_x=&#8220;0&#8243; shift_y=&#8220;0&#8243; shift_y_down=&#8220;0&#8243; z_index=&#8220;0&#8243; medium_width=&#8220;3&#8243; mobile_width=&#8220;7&#8243; zoom_width=&#8220;0&#8243; zoom_height=&#8220;0&#8243; width=&#8220;1\/4&#8243;][uncode_list icon=&#8220;fa fa-check-circle&#8220; icon_color=&#8220;color-xsdn&#8220; css_animation=&#8220;zoom-in&#8220; uncode_shortcode_id=&#8220;148357&#8243; icon_color_type=&#8220;uncode-palette&#8220;]<\/p>\n<ul>\n<li>Social Media Content<\/li>\n<li>Animationsfilme<\/li>\n<li>Reportagen<\/li>\n<li>Erkl\u00e4rvideos<\/li>\n<li>Interviews<\/li>\n<li>Portraitformate<\/li>\n<li>KI Content<\/li>\n<\/ul>\n<p>[\/uncode_list][\/vc_column_inner][vc_column_inner column_width_percent=&#8220;100&#8243; gutter_size=&#8220;3&#8243; overlay_alpha=&#8220;100&#8243; shift_x=&#8220;0&#8243; shift_y=&#8220;0&#8243; shift_y_down=&#8220;0&#8243; z_index=&#8220;0&#8243; medium_width=&#8220;3&#8243; mobile_width=&#8220;7&#8243; zoom_width=&#8220;0&#8243; zoom_height=&#8220;0&#8243; width=&#8220;1\/4&#8243;][uncode_list icon=&#8220;fa fa-check-circle&#8220; icon_color=&#8220;color-xsdn&#8220; css_animation=&#8220;zoom-in&#8220; uncode_shortcode_id=&#8220;111164&#8243; icon_color_type=&#8220;uncode-palette&#8220;]<\/p>\n<ul>\n<li>Screencast<\/li>\n<li>Tutorials<\/li>\n<li>Webcast\/Webinar<\/li>\n<li>Mitschnitt (Pr\u00e4sentation)<\/li>\n<li>Record Meeting<\/li>\n<li>Newscast &amp; Sum Up<\/li>\n<li>How-to-Video<\/li>\n<li>Prozess-Video (Abl\u00e4ufe darstellen)<\/li>\n<li>Interaktive Videos<\/li>\n<li>Erkl\u00e4rvideos<\/li>\n<\/ul>\n<p>[\/uncode_list][\/vc_column_inner][vc_column_inner column_width_percent=&#8220;100&#8243; gutter_size=&#8220;3&#8243; overlay_alpha=&#8220;50&#8243; shift_x=&#8220;0&#8243; shift_y=&#8220;0&#8243; shift_y_down=&#8220;0&#8243; z_index=&#8220;0&#8243; medium_visibility=&#8220;yes&#8220; medium_width=&#8220;3&#8243; mobile_width=&#8220;7&#8243; width=&#8220;1\/4&#8243;][uncode_list icon=&#8220;fa fa-check-circle&#8220; icon_color=&#8220;color-xsdn&#8220; css_animation=&#8220;zoom-in&#8220; uncode_shortcode_id=&#8220;897138&#8243; icon_color_type=&#8220;uncode-palette&#8220;]<\/p>\n<ul>\n<li>Videos f\u00fcr Social Media (YouTube, Instagram, Facebook, Twitter)<\/li>\n<li>Minisereien<\/li>\n<li>Kampagnenbegleitung<\/li>\n<li>Storyformate<\/li>\n<li>Storytelling<\/li>\n<li>Snackable Content<\/li>\n<li>Kurzanimation<\/li>\n<li>Live Instagram, Facebook, LinkedIn, Twitter<\/li>\n<li>Behind the scenes<\/li>\n<li>Follow my day<\/li>\n<li>Teaservideos<\/li>\n<\/ul>\n<p>[\/uncode_list][\/vc_column_inner][\/vc_row_inner][\/vc_column][\/vc_row][vc_row][vc_column width=&#8220;1\/1&#8243;][vc_wp_custommenu][\/vc_column][\/vc_row][vc_row row_height_percent=&#8220;0&#8243; override_padding=&#8220;yes&#8220; h_padding=&#8220;2&#8243; top_padding=&#8220;7&#8243; bottom_padding=&#8220;7&#8243; back_color=&#8220;color-jevc&#8220; overlay_alpha=&#8220;50&#8243; gutter_size=&#8220;4&#8243; column_width_percent=&#8220;100&#8243; shift_y=&#8220;0&#8243; z_index=&#8220;0&#8243; uncode_shortcode_id=&#8220;106844&#8243; back_color_type=&#8220;uncode-palette&#8220;][vc_column column_width_percent=&#8220;100&#8243; gutter_size=&#8220;3&#8243; style=&#8220;light&#8220; overlay_alpha=&#8220;50&#8243; shift_x=&#8220;0&#8243; shift_y=&#8220;0&#8243; shift_y_down=&#8220;0&#8243; z_index=&#8220;0&#8243; medium_width=&#8220;0&#8243; mobile_width=&#8220;0&#8243; width=&#8220;1\/3&#8243; uncode_shortcode_id=&#8220;153649&#8243;][uncode_socials size=&#8220;lead&#8220; css_animation=&#8220;alpha-anim&#8220;][\/vc_column][vc_column column_width_percent=&#8220;100&#8243; gutter_size=&#8220;3&#8243; style=&#8220;dark&#8220; overlay_alpha=&#8220;50&#8243; shift_x=&#8220;0&#8243; shift_y=&#8220;0&#8243; shift_y_down=&#8220;0&#8243; z_index=&#8220;0&#8243; medium_width=&#8220;0&#8243; mobile_width=&#8220;0&#8243; width=&#8220;2\/3&#8243;][vc_row_inner limit_content=&#8220;&#8220;][vc_column_inner column_width_percent=&#8220;100&#8243; gutter_size=&#8220;3&#8243; style=&#8220;dark&#8220; overlay_alpha=&#8220;50&#8243; shift_x=&#8220;0&#8243; shift_y=&#8220;0&#8243; shift_y_down=&#8220;0&#8243; z_index=&#8220;0&#8243; medium_width=&#8220;0&#8243; mobile_width=&#8220;0&#8243; width=&#8220;1\/3&#8243;][vc_custom_heading heading_semantic=&#8220;h5&#8243; text_size=&#8220;h4&#8243; uncode_shortcode_id=&#8220;194362&#8243;]Umschauen[\/vc_custom_heading][uncode_list icon=&#8220;fa fa-arrow-right3&#8243; uncode_shortcode_id=&#8220;312202&#8243;]<\/p>\n<ul>\n<li><a href=\"https:\/\/showcase.initvideo.de\/index.php\/init\/\" rel=\"nofollow noopener\">Impressum<\/a><\/li>\n<li><a href=\"https:\/\/showcase.initvideo.de\/index.php\/services\/\" rel=\"nofollow noopener\">Services<\/a><\/li>\n<li><a href=\"https:\/\/showcase.initvideo.de\/index.php\/videos\/\" rel=\"nofollow noopener\">Portfolio<\/a><\/li>\n<\/ul>\n<p>[\/uncode_list][\/vc_column_inner][vc_column_inner column_width_percent=&#8220;100&#8243; gutter_size=&#8220;3&#8243; style=&#8220;dark&#8220; overlay_alpha=&#8220;50&#8243; shift_x=&#8220;0&#8243; shift_y=&#8220;0&#8243; shift_y_down=&#8220;0&#8243; z_index=&#8220;0&#8243; medium_width=&#8220;0&#8243; mobile_width=&#8220;0&#8243; width=&#8220;1\/3&#8243;][vc_custom_heading heading_semantic=&#8220;h5&#8243; text_size=&#8220;h4&#8243; uncode_shortcode_id=&#8220;191446&#8243;]Hauptsitz[\/vc_custom_heading][vc_column_text uncode_shortcode_id=&#8220;196480&#8243;]]init[ Aktiengesellschaft f\u00fcr digitale Kommunikation<br \/>\nK\u00f6penicker Stra\u00dfe 9<br \/>\n10997 Berlin[\/vc_column_text][\/vc_column_inner][vc_column_inner column_width_percent=&#8220;100&#8243; gutter_size=&#8220;3&#8243; style=&#8220;dark&#8220; overlay_alpha=&#8220;50&#8243; shift_x=&#8220;0&#8243; shift_y=&#8220;0&#8243; shift_y_down=&#8220;0&#8243; z_index=&#8220;0&#8243; medium_width=&#8220;0&#8243; mobile_width=&#8220;0&#8243; width=&#8220;1\/3&#8243;][vc_custom_heading heading_semantic=&#8220;h5&#8243; text_size=&#8220;h4&#8243; uncode_shortcode_id=&#8220;172635&#8243;]Kontaktaufnahme[\/vc_custom_heading][vc_column_text uncode_shortcode_id=&#8220;645376&#8243;]<a href=\"mailto:hello@yourwebsite.com\">teamvideo@init.de<\/a><br \/>\n+49 30 97006 0[\/vc_column_text][\/vc_column_inner][\/vc_row_inner][\/vc_column][\/vc_row]<\/p>\n<\/div>","protected":false},"excerpt":{"rendered":"<p>[vc_row unlock_row_content=&#8220;yes&#8220; row_height_percent=&#8220;20&#8243; back_image=&#8220;131002&#8243; overlay_alpha=&#8220;50&#8243; gutter_size=&#8220;3&#8243; column_width_percent=&#8220;100&#8243; shift_y=&#8220;0&#8243; z_index=&#8220;0&#8243; uncode_shortcode_id=&#8220;106492&#8243; row_height_pixel=&#8220;300&#8243;][vc_column width=&#8220;1\/1&#8243;][\/vc_column][\/vc_row][vc_row row_height_percent=&#8220;0&#8243; override_padding=&#8220;yes&#8220; h_padding=&#8220;2&#8243; top_padding=&#8220;5&#8243; bottom_padding=&#8220;5&#8243; back_color=&#8220;color-rgdb&#8220; overlay_alpha=&#8220;100&#8243; equal_height=&#8220;yes&#8220; [&hellip;]<\/p>\n","protected":false},"author":1,"featured_media":0,"parent":0,"menu_order":0,"comment_status":"closed","ping_status":"closed","template":"","meta":{"footnotes":""},"class_list":["post-130790","page","type-page","status-publish","hentry"],"_links":{"self":[{"href":"https:\/\/showcase.initvideo.de\/index.php\/wp-json\/wp\/v2\/pages\/130790","targetHints":{"allow":["GET"]}}],"collection":[{"href":"https:\/\/showcase.initvideo.de\/index.php\/wp-json\/wp\/v2\/pages"}],"about":[{"href":"https:\/\/showcase.initvideo.de\/index.php\/wp-json\/wp\/v2\/types\/page"}],"author":[{"embeddable":true,"href":"https:\/\/showcase.initvideo.de\/index.php\/wp-json\/wp\/v2\/users\/1"}],"replies":[{"embeddable":true,"href":"https:\/\/showcase.initvideo.de\/index.php\/wp-json\/wp\/v2\/comments?post=130790"}],"version-history":[{"count":125,"href":"https:\/\/showcase.initvideo.de\/index.php\/wp-json\/wp\/v2\/pages\/130790\/revisions"}],"predecessor-version":[{"id":131613,"href":"https:\/\/showcase.initvideo.de\/index.php\/wp-json\/wp\/v2\/pages\/130790\/revisions\/131613"}],"wp:attachment":[{"href":"https:\/\/showcase.initvideo.de\/index.php\/wp-json\/wp\/v2\/media?parent=130790"}],"curies":[{"name":"wp","href":"https:\/\/api.w.org\/{rel}","templated":true}]}}