{"id":130766,"date":"2024-05-21T10:55:24","date_gmt":"2024-05-21T10:55:24","guid":{"rendered":"https:\/\/showcase.initvideo.de\/?page_id=130766"},"modified":"2025-08-21T11:10:11","modified_gmt":"2025-08-21T11:10:11","slug":"init","status":"publish","type":"page","link":"https:\/\/showcase.initvideo.de\/index.php\/init\/","title":{"rendered":"Company"},"content":{"rendered":"<div class=\"wpb-content-wrapper\"><p>[vc_row row_height_percent=&#8220;30&#8243; back_image=&#8220;130995&#8243; overlay_alpha=&#8220;50&#8243; gutter_size=&#8220;3&#8243; column_width_percent=&#8220;100&#8243; shift_y=&#8220;0&#8243; z_index=&#8220;0&#8243; uncode_shortcode_id=&#8220;572946&#8243; row_height_pixel=&#8220;300&#8243;][vc_column width=&#8220;1\/1&#8243;][\/vc_column][\/vc_row][vc_row row_height_percent=&#8220;0&#8243; override_padding=&#8220;yes&#8220; h_padding=&#8220;2&#8243; top_padding=&#8220;7&#8243; bottom_padding=&#8220;7&#8243; back_color=&#8220;color-wayh&#8220; overlay_alpha=&#8220;50&#8243; gutter_size=&#8220;3&#8243; column_width_percent=&#8220;100&#8243; shift_y=&#8220;0&#8243; z_index=&#8220;0&#8243;][vc_column column_width_percent=&#8220;100&#8243; gutter_size=&#8220;4&#8243; overlay_alpha=&#8220;50&#8243; shift_x=&#8220;0&#8243; shift_y=&#8220;0&#8243; shift_y_down=&#8220;0&#8243; z_index=&#8220;0&#8243; medium_width=&#8220;0&#8243; mobile_width=&#8220;0&#8243; width=&#8220;1\/1&#8243;][vc_row_inner row_inner_height_percent=&#8220;0&#8243; overlay_alpha=&#8220;50&#8243; gutter_size=&#8220;3&#8243; shift_y=&#8220;0&#8243; z_index=&#8220;0&#8243; limit_content=&#8220;&#8220;][vc_column_inner column_width_percent=&#8220;100&#8243; gutter_size=&#8220;3&#8243; style=&#8220;dark&#8220; overlay_alpha=&#8220;50&#8243; shift_x=&#8220;0&#8243; shift_y=&#8220;0&#8243; shift_y_down=&#8220;0&#8243; z_index=&#8220;0&#8243; medium_width=&#8220;0&#8243; mobile_width=&#8220;0&#8243; width=&#8220;6\/12&#8243;][vc_custom_heading heading_semantic=&#8220;h3&#8243; text_size=&#8220;h1&#8243; uncode_shortcode_id=&#8220;748618&#8243;]<\/p>\n<h1 class=\"init-heading init-heading--1\">Services for the eSociety.<\/h1>\n<h1 class=\"init-heading init-heading--1\"><span class=\"init-heading__subline\">Wir nutzen die Kraft der Digitalisierung f\u00fcr den gesellschaftlichen Fortschritt&#8230;<\/span><\/h1>\n<p>[\/vc_custom_heading][\/vc_column_inner][vc_column_inner column_width_percent=&#8220;100&#8243; gutter_size=&#8220;4&#8243; style=&#8220;dark&#8220; overlay_alpha=&#8220;50&#8243; shift_x=&#8220;0&#8243; shift_y=&#8220;0&#8243; shift_y_down=&#8220;0&#8243; z_index=&#8220;0&#8243; medium_width=&#8220;0&#8243; mobile_width=&#8220;0&#8243; width=&#8220;3\/12&#8243;][vc_icon position=&#8220;left&#8220; icon=&#8220;fa fa-user&#8220; icon_color=&#8220;accent&#8220; size=&#8220;fa-3x&#8220; text_size=&#8220;h4&#8243; title=&#8220;Unser Auftrag&#8220; link=&#8220;|||&#8220; uncode_shortcode_id=&#8220;201061&#8243; icon_color_type=&#8220;uncode-palette&#8220;]Wir w\u00fcnschen uns eine Gesellschaft, in der Digitalisierung allen zugute kommt: die eSociety. Damit wir gemeinsam mit unseren Kund:innen einen Beitrag dazu leisten, h\u00f6ren wir genau zu und stellen die Bed\u00fcrfnisse von Menschen in den Mittelpunkt. Mit innovativen Technologien, Beratung auf Augenh\u00f6he und langj\u00e4hriger Erfahrung bieten wir ein ganzheitliches Ende-zu-Ende-Angebot. Unser Ziel: nachhaltige und verst\u00e4ndliche digitale Innovationen f\u00fcr eine lebenswerte Gesellschaft.[\/vc_icon][\/vc_column_inner][\/vc_row_inner][\/vc_column][\/vc_row][vc_row unlock_row_content=&#8220;yes&#8220; row_height_percent=&#8220;0&#8243; override_padding=&#8220;yes&#8220; h_padding=&#8220;5&#8243; top_padding=&#8220;5&#8243; bottom_padding=&#8220;5&#8243; back_color=&#8220;color-wayh&#8220; overlay_alpha=&#8220;50&#8243; gutter_size=&#8220;0&#8243; column_width_percent=&#8220;100&#8243; shift_y=&#8220;0&#8243; z_index=&#8220;0&#8243; el_class=&#8220;inverted-device-order&#8220;][vc_column column_width_percent=&#8220;60&#8243; position_vertical=&#8220;middle&#8220; gutter_size=&#8220;3&#8243; style=&#8220;dark&#8220; overlay_alpha=&#8220;50&#8243; shift_x=&#8220;3&#8243; shift_y=&#8220;0&#8243; shift_y_down=&#8220;0&#8243; z_index=&#8220;2&#8243; medium_width=&#8220;0&#8243; mobile_width=&#8220;0&#8243; width=&#8220;2\/3&#8243; uncode_shortcode_id=&#8220;254136&#8243;][vc_custom_heading heading_semantic=&#8220;h3&#8243; text_size=&#8220;h1&#8243; sub_lead=&#8220;yes&#8220; uncode_shortcode_id=&#8220;532968&#8243;]<\/p>\n<h3>Die Digitalisierung er\u00f6ffnet Chancen f\u00fcr unsere Gesellschaft. Sie ver\u00e4ndert die Wirtschaft und die \u00f6ffentliche Verwaltung. Wir sind \u00fcberzeugt, dass digitale L\u00f6sungen unseren Alltag leichter machen, wenn sie einfach und verst\u00e4ndlich f\u00fcr alle sind. Deshalb begleiten wir Organisationen durch den gesamten Prozess des digitalen Wandels. Unsere Vision: eine Gesellschaft, die mit der Digitalisierung weiterkommt \u2013 die eSociety.<\/h3>\n<p>[\/vc_custom_heading][\/vc_column][vc_column column_width_percent=&#8220;100&#8243; position_vertical=&#8220;middle&#8220; gutter_size=&#8220;3&#8243; overlay_alpha=&#8220;50&#8243; shift_x=&#8220;-3&#8243; shift_y=&#8220;0&#8243; shift_y_down=&#8220;0&#8243; z_index=&#8220;0&#8243; medium_width=&#8220;0&#8243; mobile_width=&#8220;0&#8243; width=&#8220;1\/3&#8243;][vc_single_image media=&#8220;130995&#8243; media_width_percent=&#8220;100&#8243; media_ratio=&#8220;four-three&#8220; shadow=&#8220;yes&#8220; shadow_weight=&#8220;lg&#8220; shadow_darker=&#8220;yes&#8220; uncode_shortcode_id=&#8220;638561&#8243;][\/vc_column][\/vc_row][vc_row row_height_percent=&#8220;50&#8243; override_padding=&#8220;yes&#8220; h_padding=&#8220;2&#8243; top_padding=&#8220;5&#8243; bottom_padding=&#8220;5&#8243; back_color=&#8220;color-wayh&#8220; overlay_alpha=&#8220;50&#8243; equal_height=&#8220;yes&#8220; gutter_size=&#8220;3&#8243; column_width_percent=&#8220;100&#8243; shift_y=&#8220;0&#8243; z_index=&#8220;0&#8243; mobile_visibility=&#8220;yes&#8220; style=&#8220;inherited&#8220;][vc_column column_width_percent=&#8220;100&#8243; position_vertical=&#8220;middle&#8220; align_horizontal=&#8220;align_center&#8220; gutter_size=&#8220;4&#8243; style=&#8220;dark&#8220; overlay_alpha=&#8220;100&#8243; shift_x=&#8220;0&#8243; shift_y=&#8220;0&#8243; shift_y_down=&#8220;0&#8243; z_index=&#8220;0&#8243; medium_width=&#8220;0&#8243; mobile_width=&#8220;0&#8243; zoom_width=&#8220;0&#8243; zoom_height=&#8220;0&#8243; width=&#8220;1\/1&#8243;][vc_icon display=&#8220;inline&#8220; icon=&#8220;fa fa-linkedin&#8220; background_style=&#8220;fa-rounded&#8220; size=&#8220;fa-2x&#8220; link=&#8220;url:https%3A%2F%2Fwww.linkedin.com%2Fcompany%2Finit-ag-fuer-digitale-kommunikation|target:_blank&#8220; uncode_shortcode_id=&#8220;119142&#8243;][\/vc_icon][vc_icon display=&#8220;inline&#8220; icon=&#8220;fa fa-instagram&#8220; background_style=&#8220;fa-rounded&#8220; size=&#8220;fa-2x&#8220; link=&#8220;url:https%3A%2F%2Fwww.instagram.com%2Finit_ag%2F|target:_blank&#8220; uncode_shortcode_id=&#8220;204854&#8243;][\/vc_icon][vc_icon display=&#8220;inline&#8220; icon=&#8220;fa fa-xing&#8220; background_style=&#8220;fa-rounded&#8220; size=&#8220;fa-2x&#8220; link=&#8220;url:https%3A%2F%2Fwww.xing.com%2Fpages%2Finit-ag|target:_blank&#8220; uncode_shortcode_id=&#8220;729925&#8243;][\/vc_icon][\/vc_column][\/vc_row][vc_row row_height_percent=&#8220;0&#8243; override_padding=&#8220;yes&#8220; h_padding=&#8220;2&#8243; top_padding=&#8220;7&#8243; bottom_padding=&#8220;7&#8243; back_color=&#8220;color-jevc&#8220; overlay_alpha=&#8220;50&#8243; gutter_size=&#8220;4&#8243; column_width_percent=&#8220;100&#8243; shift_y=&#8220;0&#8243; z_index=&#8220;0&#8243; uncode_shortcode_id=&#8220;106844&#8243; back_color_type=&#8220;uncode-palette&#8220;][vc_column column_width_percent=&#8220;100&#8243; gutter_size=&#8220;3&#8243; style=&#8220;light&#8220; overlay_alpha=&#8220;50&#8243; shift_x=&#8220;0&#8243; shift_y=&#8220;0&#8243; shift_y_down=&#8220;0&#8243; z_index=&#8220;0&#8243; medium_width=&#8220;0&#8243; mobile_width=&#8220;0&#8243; width=&#8220;1\/3&#8243; uncode_shortcode_id=&#8220;153649&#8243;][uncode_socials size=&#8220;lead&#8220; css_animation=&#8220;alpha-anim&#8220;][\/vc_column][vc_column column_width_percent=&#8220;100&#8243; gutter_size=&#8220;3&#8243; style=&#8220;dark&#8220; overlay_alpha=&#8220;50&#8243; shift_x=&#8220;0&#8243; shift_y=&#8220;0&#8243; shift_y_down=&#8220;0&#8243; z_index=&#8220;0&#8243; medium_width=&#8220;0&#8243; mobile_width=&#8220;0&#8243; width=&#8220;2\/3&#8243;][vc_row_inner limit_content=&#8220;&#8220;][vc_column_inner column_width_percent=&#8220;100&#8243; gutter_size=&#8220;3&#8243; style=&#8220;dark&#8220; overlay_alpha=&#8220;50&#8243; shift_x=&#8220;0&#8243; shift_y=&#8220;0&#8243; shift_y_down=&#8220;0&#8243; z_index=&#8220;0&#8243; medium_width=&#8220;0&#8243; mobile_width=&#8220;0&#8243; width=&#8220;1\/3&#8243;][vc_custom_heading heading_semantic=&#8220;h5&#8243; text_size=&#8220;h4&#8243; uncode_shortcode_id=&#8220;194362&#8243;]Umschauen[\/vc_custom_heading][uncode_list icon=&#8220;fa fa-arrow-right3&#8243; uncode_shortcode_id=&#8220;312202&#8243;]<\/p>\n<ul>\n<li><a href=\"https:\/\/showcase.initvideo.de\/index.php\/init\/\" rel=\"nofollow noopener\">Impressum<\/a><\/li>\n<li><a href=\"https:\/\/showcase.initvideo.de\/index.php\/services\/\" rel=\"nofollow noopener\">Services<\/a><\/li>\n<li><a href=\"https:\/\/showcase.initvideo.de\/index.php\/videos\/\" rel=\"nofollow noopener\">Portfolio<\/a><\/li>\n<\/ul>\n<p>[\/uncode_list][\/vc_column_inner][vc_column_inner column_width_percent=&#8220;100&#8243; gutter_size=&#8220;3&#8243; style=&#8220;dark&#8220; overlay_alpha=&#8220;50&#8243; shift_x=&#8220;0&#8243; shift_y=&#8220;0&#8243; shift_y_down=&#8220;0&#8243; z_index=&#8220;0&#8243; medium_width=&#8220;0&#8243; mobile_width=&#8220;0&#8243; width=&#8220;1\/3&#8243;][vc_custom_heading heading_semantic=&#8220;h5&#8243; text_size=&#8220;h4&#8243; uncode_shortcode_id=&#8220;153709&#8243;]Hauptsitz[\/vc_custom_heading][vc_column_text uncode_shortcode_id=&#8220;196480&#8243;]]init[ Aktiengesellschaft f\u00fcr digitale Kommunikation<br \/>\nK\u00f6penicker Stra\u00dfe 9<br \/>\n10997 Berlin[\/vc_column_text][\/vc_column_inner][vc_column_inner column_width_percent=&#8220;100&#8243; gutter_size=&#8220;3&#8243; style=&#8220;dark&#8220; overlay_alpha=&#8220;50&#8243; shift_x=&#8220;0&#8243; shift_y=&#8220;0&#8243; shift_y_down=&#8220;0&#8243; z_index=&#8220;0&#8243; medium_width=&#8220;0&#8243; mobile_width=&#8220;0&#8243; width=&#8220;1\/3&#8243;][vc_custom_heading heading_semantic=&#8220;h5&#8243; text_size=&#8220;h4&#8243; uncode_shortcode_id=&#8220;172635&#8243;]Kontaktaufnahme[\/vc_custom_heading][vc_column_text uncode_shortcode_id=&#8220;645376&#8243;]<a href=\"mailto:hello@yourwebsite.com\">teamvideo@init.de<\/a><br \/>\n+49 30 97006 0[\/vc_column_text][\/vc_column_inner][\/vc_row_inner][\/vc_column][\/vc_row]<\/p>\n<\/div>","protected":false},"excerpt":{"rendered":"<p>[vc_row row_height_percent=&#8220;30&#8243; back_image=&#8220;130995&#8243; overlay_alpha=&#8220;50&#8243; gutter_size=&#8220;3&#8243; column_width_percent=&#8220;100&#8243; shift_y=&#8220;0&#8243; z_index=&#8220;0&#8243; uncode_shortcode_id=&#8220;572946&#8243; row_height_pixel=&#8220;300&#8243;][vc_column width=&#8220;1\/1&#8243;][\/vc_column][\/vc_row][vc_row row_height_percent=&#8220;0&#8243; override_padding=&#8220;yes&#8220; h_padding=&#8220;2&#8243; top_padding=&#8220;7&#8243; bottom_padding=&#8220;7&#8243; back_color=&#8220;color-wayh&#8220; overlay_alpha=&#8220;50&#8243; gutter_size=&#8220;3&#8243; column_width_percent=&#8220;100&#8243; [&hellip;]<\/p>\n","protected":false},"author":1,"featured_media":0,"parent":0,"menu_order":0,"comment_status":"closed","ping_status":"closed","template":"","meta":{"footnotes":""},"class_list":["post-130766","page","type-page","status-publish","hentry"],"_links":{"self":[{"href":"https:\/\/showcase.initvideo.de\/index.php\/wp-json\/wp\/v2\/pages\/130766","targetHints":{"allow":["GET"]}}],"collection":[{"href":"https:\/\/showcase.initvideo.de\/index.php\/wp-json\/wp\/v2\/pages"}],"about":[{"href":"https:\/\/showcase.initvideo.de\/index.php\/wp-json\/wp\/v2\/types\/page"}],"author":[{"embeddable":true,"href":"https:\/\/showcase.initvideo.de\/index.php\/wp-json\/wp\/v2\/users\/1"}],"replies":[{"embeddable":true,"href":"https:\/\/showcase.initvideo.de\/index.php\/wp-json\/wp\/v2\/comments?post=130766"}],"version-history":[{"count":43,"href":"https:\/\/showcase.initvideo.de\/index.php\/wp-json\/wp\/v2\/pages\/130766\/revisions"}],"predecessor-version":[{"id":131610,"href":"https:\/\/showcase.initvideo.de\/index.php\/wp-json\/wp\/v2\/pages\/130766\/revisions\/131610"}],"wp:attachment":[{"href":"https:\/\/showcase.initvideo.de\/index.php\/wp-json\/wp\/v2\/media?parent=130766"}],"curies":[{"name":"wp","href":"https:\/\/api.w.org\/{rel}","templated":true}]}}